{"id":91403,"date":"2018-05-15T13:31:22","date_gmt":"2018-05-15T11:31:22","guid":{"rendered":"http:\/\/www.rss-nordheide.de\/rss_web\/?page_id=91403"},"modified":"2025-05-12T13:25:39","modified_gmt":"2025-05-12T11:25:39","slug":"datenschutz","status":"publish","type":"page","link":"https:\/\/www.rss-nordheide.de\/rss_web\/datenschutz\/","title":{"rendered":"Datenschutz"},"content":{"rendered":"\n<p>Hier informieren wir Sie \u00fcber den Umgang mit Ihren Daten in unserem Haus. Wir sind st\u00e4ndig bem\u00fcht diese Informationen aktuell zu halten.<\/p>\n\n\n\n<div style=\"height:39px\" aria-hidden=\"true\" class=\"wp-block-spacer\"><\/div>\n\n\n\n<div class=\"wp-block-file\"><a id=\"wp-block-file--media-6a3b67d2-5cd0-4e8e-aa52-ced8c0b936be\" href=\"https:\/\/www.rss-nordheide.de\/rss_web\/wp-content\/uploads\/2018\/05\/2018-05-17-Datenschutzerkl\u00e4rung-RSS-Nordheide.pdf\" target=\"_blank\" rel=\"noreferrer noopener\">Datenschutzerkl\u00e4rung RSS Nordheide<\/a><a href=\"https:\/\/www.rss-nordheide.de\/rss_web\/wp-content\/uploads\/2018\/05\/2018-05-17-Datenschutzerkl\u00e4rung-RSS-Nordheide.pdf\" class=\"wp-block-file__button wp-element-button\" download aria-describedby=\"wp-block-file--media-6a3b67d2-5cd0-4e8e-aa52-ced8c0b936be\">Herunterladen<\/a><\/div>\n\n\n\n<div class=\"wp-block-file\"><a id=\"wp-block-file--media-fa629f87-800a-4a14-b014-c6f91bb97fa3\" href=\"https:\/\/www.rss-nordheide.de\/rss_web\/wp-content\/uploads\/2018\/11\/2018-11-06-Einwilligung-in-die-Datenweitergabe-RSS-Nordheide-finale-Version.pdf\" target=\"_blank\" rel=\"noreferrer noopener\">Einwilligung in die Datenweitergabe RSS Nordheide<\/a><a href=\"https:\/\/www.rss-nordheide.de\/rss_web\/wp-content\/uploads\/2018\/11\/2018-11-06-Einwilligung-in-die-Datenweitergabe-RSS-Nordheide-finale-Version.pdf\" class=\"wp-block-file__button wp-element-button\" download aria-describedby=\"wp-block-file--media-fa629f87-800a-4a14-b014-c6f91bb97fa3\">Herunterladen<\/a><\/div>\n\n\n\n<div class=\"wp-block-file\"><a id=\"wp-block-file--media-736e5212-5d29-4def-8c9c-878a93024efa\" href=\"https:\/\/www.rss-nordheide.de\/rss_web\/wp-content\/uploads\/2018\/11\/2018-11-06-Einwilligung-in-die-Datenweitergabe-F\u00f6rdermitglieder-Gesamtverein-finale-Version.pdf\" target=\"_blank\" rel=\"noreferrer noopener\">Einwilligung in die Datenweitergabe F\u00f6rdermitglieder<\/a><a href=\"https:\/\/www.rss-nordheide.de\/rss_web\/wp-content\/uploads\/2018\/11\/2018-11-06-Einwilligung-in-die-Datenweitergabe-F\u00f6rdermitglieder-Gesamtverein-finale-Version.pdf\" class=\"wp-block-file__button wp-element-button\" download aria-describedby=\"wp-block-file--media-736e5212-5d29-4def-8c9c-878a93024efa\">Herunterladen<\/a><\/div>\n\n\n\n<div class=\"wp-block-file\"><a id=\"wp-block-file--media-0b2eef2d-650d-48c0-a8a4-30b084bebf0a\" href=\"https:\/\/www.rss-nordheide.de\/rss_web\/wp-content\/uploads\/2018\/05\/Datenschutzbeauftragte-in-Niedersachsen-Merkblatt-f\u00fcr-die-Nutzung-von-WhatsApp-in-Schulen.pdf\" target=\"_blank\" rel=\"noreferrer noopener\">Datenschutzbeauftragte in Niedersachsen: Merkblatt f\u00fcr die Nutzung von WhatsApp in Schulen<\/a><a href=\"https:\/\/www.rss-nordheide.de\/rss_web\/wp-content\/uploads\/2018\/05\/Datenschutzbeauftragte-in-Niedersachsen-Merkblatt-f\u00fcr-die-Nutzung-von-WhatsApp-in-Schulen.pdf\" class=\"wp-block-file__button wp-element-button\" download aria-describedby=\"wp-block-file--media-0b2eef2d-650d-48c0-a8a4-30b084bebf0a\">Herunterladen<\/a><\/div>\n\n\n\n<div class=\"wp-block-file\"><a id=\"wp-block-file--media-2785ba5e-0090-40ec-84e8-0b81d8603d93\" href=\"https:\/\/www.rss-nordheide.de\/rss_web\/wp-content\/uploads\/2018\/05\/Zusammenarbeit-mit-der-Gesellschaft-f\u00fcr-Kredit-und-Forderungsmanagement-Informationen-nach-Art.-14-DSGVO.pdf\" target=\"_blank\" rel=\"noreferrer noopener\">Zusammenarbeit mit der Gesellschaft f\u00fcr Kredit- und Forderungsmanagement &#8211; Infos nach Art. 14 DSGVO<\/a><a href=\"https:\/\/www.rss-nordheide.de\/rss_web\/wp-content\/uploads\/2018\/05\/Zusammenarbeit-mit-der-Gesellschaft-f\u00fcr-Kredit-und-Forderungsmanagement-Informationen-nach-Art.-14-DSGVO.pdf\" class=\"wp-block-file__button wp-element-button\" download aria-describedby=\"wp-block-file--media-2785ba5e-0090-40ec-84e8-0b81d8603d93\">Herunterladen<\/a><\/div>\n\n\n\n<div style=\"height:100px\" aria-hidden=\"true\" class=\"wp-block-spacer\"><\/div>\n\n\n\n<p><strong>Datenschutzbeauftragter:<\/strong> <\/p>\n\n\n\n<p>interev GmbH | Robert-Koch-Stra\u00dfe 55 | 30853 Langenhagen<\/p>\n","protected":false},"excerpt":{"rendered":"<p>Hier informieren wir Sie \u00fcber den Umgang mit Ihren Daten in unserem Haus. Wir sind st\u00e4ndig bem\u00fcht diese Informationen aktuell zu halten. Datenschutzbeauftragter: interev GmbH | Robert-Koch-Stra\u00dfe 55 | 30853 Langenhagen<\/p>\n","protected":false},"author":90,"featured_media":0,"parent":0,"menu_order":0,"comment_status":"closed","ping_status":"closed","template":"","meta":{"footnotes":"","_links_to":"","_links_to_target":""},"class_list":["post-91403","page","type-page","status-publish","hentry"],"_links":{"self":[{"href":"https:\/\/www.rss-nordheide.de\/rss_web\/wp-json\/wp\/v2\/pages\/91403","targetHints":{"allow":["GET"]}}],"collection":[{"href":"https:\/\/www.rss-nordheide.de\/rss_web\/wp-json\/wp\/v2\/pages"}],"about":[{"href":"https:\/\/www.rss-nordheide.de\/rss_web\/wp-json\/wp\/v2\/types\/page"}],"author":[{"embeddable":true,"href":"https:\/\/www.rss-nordheide.de\/rss_web\/wp-json\/wp\/v2\/users\/90"}],"replies":[{"embeddable":true,"href":"https:\/\/www.rss-nordheide.de\/rss_web\/wp-json\/wp\/v2\/comments?post=91403"}],"version-history":[{"count":15,"href":"https:\/\/www.rss-nordheide.de\/rss_web\/wp-json\/wp\/v2\/pages\/91403\/revisions"}],"predecessor-version":[{"id":96699,"href":"https:\/\/www.rss-nordheide.de\/rss_web\/wp-json\/wp\/v2\/pages\/91403\/revisions\/96699"}],"wp:attachment":[{"href":"https:\/\/www.rss-nordheide.de\/rss_web\/wp-json\/wp\/v2\/media?parent=91403"}],"curies":[{"name":"wp","href":"https:\/\/api.w.org\/{rel}","templated":true}]}}